{"id":639,"date":"2016-03-09T01:56:52","date_gmt":"2016-03-09T01:56:52","guid":{"rendered":"http:\/\/wordpress-248995-778220.cloudwaysapps.com\/?page_id=639"},"modified":"2021-03-09T13:47:08","modified_gmt":"2021-03-09T13:47:08","slug":"conversation-masonry-blog","status":"publish","type":"page","link":"https:\/\/urbanhouse360.com\/index.php\/conversation-masonry-blog\/","title":{"rendered":"Nos articles de conversations"},"content":{"rendered":"\t\t<div data-elementor-type=\"wp-page\" data-elementor-id=\"639\" class=\"elementor elementor-639\" data-elementor-post-type=\"page\">\n\t\t\t\t\t\t<section class=\"elementor-section elementor-top-section elementor-element elementor-element-7d42eb53 elementor-section-full_width elementor-section-height-min-height elementor-section-items-stretch elementor-section-content-bottom elementor-section-height-default\" data-id=\"7d42eb53\" data-element_type=\"section\" data-e-type=\"section\">\n\t\t\t\t\t\t<div class=\"elementor-container elementor-column-gap-no\">\n\t\t\t\t\t<div class=\"elementor-column elementor-col-50 elementor-top-column elementor-element elementor-element-601e63e\" data-id=\"601e63e\" data-element_type=\"column\" data-e-type=\"column\" data-settings=\"{&quot;background_background&quot;:&quot;classic&quot;}\">\n\t\t\t<div class=\"elementor-widget-wrap elementor-element-populated\">\n\t\t\t\t\t\t<div class=\"elementor-element elementor-element-5dd4b545 elementor-widget elementor-widget-heading\" data-id=\"5dd4b545\" data-element_type=\"widget\" data-e-type=\"widget\" data-widget_type=\"heading.default\">\n\t\t\t\t<div class=\"elementor-widget-container\">\n\t\t\t\t\t<h1 class=\"elementor-heading-title elementor-size-default\">Nos articles de conversations<\/h1>\t\t\t\t<\/div>\n\t\t\t\t<\/div>\n\t\t\t\t<div class=\"elementor-element elementor-element-3d6bd8fc elementor-widget elementor-widget-heading\" data-id=\"3d6bd8fc\" data-element_type=\"widget\" data-e-type=\"widget\" data-widget_type=\"heading.default\">\n\t\t\t\t<div class=\"elementor-widget-container\">\n\t\t\t\t\t<h6 class=\"elementor-heading-title elementor-size-default\">nos  lectures, nos inspirations, nos \u00e9changes, nos partages...<\/h6>\t\t\t\t<\/div>\n\t\t\t\t<\/div>\n\t\t\t\t\t<\/div>\n\t\t<\/div>\n\t\t\t\t<div class=\"elementor-column elementor-col-25 elementor-top-column elementor-element elementor-element-687d6100\" data-id=\"687d6100\" data-element_type=\"column\" data-e-type=\"column\">\n\t\t\t<div class=\"elementor-widget-wrap elementor-element-populated\">\n\t\t\t\t\t\t<div class=\"elementor-element elementor-element-703d60c elementor-widget elementor-widget-image\" data-id=\"703d60c\" data-element_type=\"widget\" data-e-type=\"widget\" data-widget_type=\"image.default\">\n\t\t\t\t<div class=\"elementor-widget-container\">\n\t\t\t\t\t\t\t\t\t\t\t\t\t\t\t<img fetchpriority=\"high\" decoding=\"async\" width=\"1440\" height=\"960\" src=\"https:\/\/urbanhouse360.com\/wp-content\/uploads\/2021\/03\/cozy-1-1.jpg\" class=\"attachment-full size-full wp-image-11995\" alt=\"Urbanhouse360-temps-cozy\" srcset=\"https:\/\/urbanhouse360.com\/wp-content\/uploads\/2021\/03\/cozy-1-1.jpg 1440w, https:\/\/urbanhouse360.com\/wp-content\/uploads\/2021\/03\/cozy-1-1-300x200.jpg 300w, https:\/\/urbanhouse360.com\/wp-content\/uploads\/2021\/03\/cozy-1-1-1024x683.jpg 1024w, https:\/\/urbanhouse360.com\/wp-content\/uploads\/2021\/03\/cozy-1-1-768x512.jpg 768w, https:\/\/urbanhouse360.com\/wp-content\/uploads\/2021\/03\/cozy-1-1-900x600.jpg 900w, https:\/\/urbanhouse360.com\/wp-content\/uploads\/2021\/03\/cozy-1-1-496x331.jpg 496w\" sizes=\"(max-width: 1440px) 100vw, 1440px\" \/>\t\t\t\t\t\t\t\t\t\t\t\t\t\t\t<\/div>\n\t\t\t\t<\/div>\n\t\t\t\t\t<\/div>\n\t\t<\/div>\n\t\t\t\t<div class=\"elementor-column elementor-col-25 elementor-top-column elementor-element elementor-element-4423afc7\" data-id=\"4423afc7\" data-element_type=\"column\" data-e-type=\"column\">\n\t\t\t<div class=\"elementor-widget-wrap elementor-element-populated\">\n\t\t\t\t\t\t<div class=\"elementor-element elementor-element-5ef90a75 elementor-widget-mobile__width-initial animated-slow elementor-widget-tablet__width-initial elementor-invisible elementor-widget elementor-widget-spacer\" data-id=\"5ef90a75\" data-element_type=\"widget\" data-e-type=\"widget\" data-settings=\"{&quot;_animation&quot;:&quot;fadeInRight&quot;}\" data-widget_type=\"spacer.default\">\n\t\t\t\t<div class=\"elementor-widget-container\">\n\t\t\t\t\t\t\t<div class=\"elementor-spacer\">\n\t\t\t<div class=\"elementor-spacer-inner\"><\/div>\n\t\t<\/div>\n\t\t\t\t\t\t<\/div>\n\t\t\t\t<\/div>\n\t\t\t\t\t<\/div>\n\t\t<\/div>\n\t\t\t\t\t<\/div>\n\t\t<\/section>\n\t\t\t\t<section class=\"elementor-section elementor-top-section elementor-element elementor-element-634ea89b elementor-section-full_width elementor-section-height-default elementor-section-height-default\" data-id=\"634ea89b\" data-element_type=\"section\" data-e-type=\"section\">\n\t\t\t\t\t\t<div class=\"elementor-container elementor-column-gap-no\">\n\t\t\t\t\t<div class=\"elementor-column elementor-col-100 elementor-top-column elementor-element elementor-element-519aea95\" data-id=\"519aea95\" data-element_type=\"column\" data-e-type=\"column\">\n\t\t\t<div class=\"elementor-widget-wrap elementor-element-populated\">\n\t\t\t\t\t\t<div class=\"elementor-element elementor-element-6882d213 elementor-grid-tablet-1 elementor-grid-3 elementor-grid-mobile-1 elementor-posts--thumbnail-top elementor-posts__hover-gradient elementor-widget elementor-widget-posts\" data-id=\"6882d213\" data-element_type=\"widget\" data-e-type=\"widget\" data-settings=\"{&quot;cards_columns_tablet&quot;:&quot;1&quot;,&quot;cards_row_gap&quot;:{&quot;unit&quot;:&quot;px&quot;,&quot;size&quot;:&quot;70&quot;,&quot;sizes&quot;:[]},&quot;cards_columns&quot;:&quot;3&quot;,&quot;cards_columns_mobile&quot;:&quot;1&quot;,&quot;cards_row_gap_tablet&quot;:{&quot;unit&quot;:&quot;px&quot;,&quot;size&quot;:&quot;&quot;,&quot;sizes&quot;:[]},&quot;cards_row_gap_mobile&quot;:{&quot;unit&quot;:&quot;px&quot;,&quot;size&quot;:&quot;&quot;,&quot;sizes&quot;:[]}}\" data-widget_type=\"posts.cards\">\n\t\t\t\t<div class=\"elementor-widget-container\">\n\t\t\t\t\t\t\t<div class=\"elementor-posts-container elementor-posts elementor-posts--skin-cards elementor-grid\" role=\"list\">\n\t\t\t\t<article class=\"elementor-post elementor-grid-item post-629 post type-post status-publish format-standard has-post-thumbnail hentry category-habitat category-immobilier category-urbanhousehub category-urbanhouse360 tag-habitat tag-immobilier tag-urbanhouse360\" role=\"listitem\">\n\t\t\t<div class=\"elementor-post__card\">\n\t\t\t\t<a class=\"elementor-post__thumbnail__link\" href=\"https:\/\/urbanhouse360.com\/index.php\/2020\/03\/09\/vision-approche-360-marche-immobilier\/\" tabindex=\"-1\" ><div class=\"elementor-post__thumbnail\"><img decoding=\"async\" width=\"1440\" height=\"961\" src=\"https:\/\/urbanhouse360.com\/wp-content\/uploads\/2021\/02\/Urban_House_Carte_-postale5_1440x961_RVB.jpg\" class=\"attachment-full size-full wp-image-11863\" alt=\"UrbanHouse360_Carte_ postale-SylvainPongi\" srcset=\"https:\/\/urbanhouse360.com\/wp-content\/uploads\/2021\/02\/Urban_House_Carte_-postale5_1440x961_RVB.jpg 1440w, https:\/\/urbanhouse360.com\/wp-content\/uploads\/2021\/02\/Urban_House_Carte_-postale5_1440x961_RVB-300x200.jpg 300w, https:\/\/urbanhouse360.com\/wp-content\/uploads\/2021\/02\/Urban_House_Carte_-postale5_1440x961_RVB-1024x683.jpg 1024w, https:\/\/urbanhouse360.com\/wp-content\/uploads\/2021\/02\/Urban_House_Carte_-postale5_1440x961_RVB-768x513.jpg 768w, https:\/\/urbanhouse360.com\/wp-content\/uploads\/2021\/02\/Urban_House_Carte_-postale5_1440x961_RVB-899x600.jpg 899w, https:\/\/urbanhouse360.com\/wp-content\/uploads\/2021\/02\/Urban_House_Carte_-postale5_1440x961_RVB-496x331.jpg 496w\" sizes=\"(max-width: 1440px) 100vw, 1440px\" \/><\/div><\/a>\n\t\t\t\t<div class=\"elementor-post__text\">\n\t\t\t\t<h4 class=\"elementor-post__title\">\n\t\t\t<a href=\"https:\/\/urbanhouse360.com\/index.php\/2020\/03\/09\/vision-approche-360-marche-immobilier\/\" >\n\t\t\t\tNotre vision et approche 360 du march\u00e9 de l\u2019Immobilier.\t\t\t<\/a>\n\t\t<\/h4>\n\t\t\t\t<div class=\"elementor-post__excerpt\">\n\t\t\t<p>Back to all Approche Projet 360 Service 360 Relation client 360 Prix-Produit ou Approche Projet ? Approche Projet 360 Dans le monde d\u2019aujourd\u2019hui, nous ne<\/p>\n\t\t<\/div>\n\t\t\n\t\t<a class=\"elementor-post__read-more\" href=\"https:\/\/urbanhouse360.com\/index.php\/2020\/03\/09\/vision-approche-360-marche-immobilier\/\" aria-label=\"En savoir plus sur Notre vision et approche 360 du march\u00e9 de l\u2019Immobilier.\" tabindex=\"-1\" >\n\t\t\tRead More\t\t<\/a>\n\n\t\t\t\t<\/div>\n\t\t\t\t\t<\/div>\n\t\t<\/article>\n\t\t\t\t<article class=\"elementor-post elementor-grid-item post-11793 post type-post status-publish format-standard has-post-thumbnail hentry category-habitat category-immobilier category-la-vie-normale\" role=\"listitem\">\n\t\t\t<div class=\"elementor-post__card\">\n\t\t\t\t<a class=\"elementor-post__thumbnail__link\" href=\"https:\/\/urbanhouse360.com\/index.php\/2021\/02\/19\/belle-annee-2021\/\" tabindex=\"-1\" ><div class=\"elementor-post__thumbnail\"><img decoding=\"async\" width=\"1852\" height=\"1172\" src=\"https:\/\/urbanhouse360.com\/wp-content\/uploads\/2021\/02\/Arbre-slogan2.jpg\" class=\"attachment-full size-full wp-image-11794\" alt=\"Voeux-UrbanHouse360\" srcset=\"https:\/\/urbanhouse360.com\/wp-content\/uploads\/2021\/02\/Arbre-slogan2.jpg 1852w, https:\/\/urbanhouse360.com\/wp-content\/uploads\/2021\/02\/Arbre-slogan2-300x190.jpg 300w, https:\/\/urbanhouse360.com\/wp-content\/uploads\/2021\/02\/Arbre-slogan2-1024x648.jpg 1024w, https:\/\/urbanhouse360.com\/wp-content\/uploads\/2021\/02\/Arbre-slogan2-768x486.jpg 768w, https:\/\/urbanhouse360.com\/wp-content\/uploads\/2021\/02\/Arbre-slogan2-1536x972.jpg 1536w, https:\/\/urbanhouse360.com\/wp-content\/uploads\/2021\/02\/Arbre-slogan2-948x600.jpg 948w, https:\/\/urbanhouse360.com\/wp-content\/uploads\/2021\/02\/Arbre-slogan2-496x314.jpg 496w\" sizes=\"(max-width: 1852px) 100vw, 1852px\" \/><\/div><\/a>\n\t\t\t\t<div class=\"elementor-post__text\">\n\t\t\t\t<h4 class=\"elementor-post__title\">\n\t\t\t<a href=\"https:\/\/urbanhouse360.com\/index.php\/2021\/02\/19\/belle-annee-2021\/\" >\n\t\t\t\tBelle ann\u00e9e 2021\t\t\t<\/a>\n\t\t<\/h4>\n\t\t\t\t<div class=\"elementor-post__excerpt\">\n\t\t\t<p>Merci pour nos \u00e9changes, votre \u00e9coute&#8230; votre confiance, vos projets r\u00e9alis\u00e9s en 2020 2021&#8230; Observer, \u00c9couter, Entendre, Transmettre l&#8217;histoire, Sugg\u00e9rer le futur&#8230; \u00a0 Vous aider<\/p>\n\t\t<\/div>\n\t\t\n\t\t<a class=\"elementor-post__read-more\" href=\"https:\/\/urbanhouse360.com\/index.php\/2021\/02\/19\/belle-annee-2021\/\" aria-label=\"En savoir plus sur Belle ann\u00e9e 2021\" tabindex=\"-1\" >\n\t\t\tRead More\t\t<\/a>\n\n\t\t\t\t<\/div>\n\t\t\t\t\t<\/div>\n\t\t<\/article>\n\t\t\t\t<article class=\"elementor-post elementor-grid-item post-10444 post type-post status-publish format-standard has-post-thumbnail hentry category-ecologie category-immobilier category-la-vie-normale category-nature\" role=\"listitem\">\n\t\t\t<div class=\"elementor-post__card\">\n\t\t\t\t<a class=\"elementor-post__thumbnail__link\" href=\"https:\/\/urbanhouse360.com\/index.php\/2021\/03\/05\/la-nature-en-ville\/\" tabindex=\"-1\" ><div class=\"elementor-post__thumbnail\"><img loading=\"lazy\" decoding=\"async\" width=\"960\" height=\"1280\" src=\"https:\/\/urbanhouse360.com\/wp-content\/uploads\/2021\/03\/parkroyal2.jpg\" class=\"attachment-full size-full wp-image-11938\" alt=\"Urbanhouse360-Parkroyal-singapour\" srcset=\"https:\/\/urbanhouse360.com\/wp-content\/uploads\/2021\/03\/parkroyal2.jpg 960w, https:\/\/urbanhouse360.com\/wp-content\/uploads\/2021\/03\/parkroyal2-225x300.jpg 225w, https:\/\/urbanhouse360.com\/wp-content\/uploads\/2021\/03\/parkroyal2-768x1024.jpg 768w, https:\/\/urbanhouse360.com\/wp-content\/uploads\/2021\/03\/parkroyal2-450x600.jpg 450w, https:\/\/urbanhouse360.com\/wp-content\/uploads\/2021\/03\/parkroyal2-496x661.jpg 496w\" sizes=\"(max-width: 960px) 100vw, 960px\" \/><\/div><\/a>\n\t\t\t\t<div class=\"elementor-post__text\">\n\t\t\t\t<h4 class=\"elementor-post__title\">\n\t\t\t<a href=\"https:\/\/urbanhouse360.com\/index.php\/2021\/03\/05\/la-nature-en-ville\/\" >\n\t\t\t\tLa Nature en Ville\t\t\t<\/a>\n\t\t<\/h4>\n\t\t\t\t<div class=\"elementor-post__excerpt\">\n\t\t\t<p>Nature en ville Construire ECO &#8211; Vivre ECO &#8211; Labels ECO Neutralit\u00e9 carbone Pour tous les services L\u2019\u00e9conomie lin\u00e9aire traditionnelle de construction, m\u00eame si au<\/p>\n\t\t<\/div>\n\t\t\n\t\t<a class=\"elementor-post__read-more\" href=\"https:\/\/urbanhouse360.com\/index.php\/2021\/03\/05\/la-nature-en-ville\/\" aria-label=\"En savoir plus sur La Nature en Ville\" tabindex=\"-1\" >\n\t\t\tRead More\t\t<\/a>\n\n\t\t\t\t<\/div>\n\t\t\t\t\t<\/div>\n\t\t<\/article>\n\t\t\t\t<article class=\"elementor-post elementor-grid-item post-11941 post type-post status-publish format-standard has-post-thumbnail hentry category-habitat category-la-vie-normale category-urbanhouselife\" role=\"listitem\">\n\t\t\t<div class=\"elementor-post__card\">\n\t\t\t\t<a class=\"elementor-post__thumbnail__link\" href=\"https:\/\/urbanhouse360.com\/index.php\/2021\/03\/05\/urbanhouse\/\" tabindex=\"-1\" ><div class=\"elementor-post__thumbnail\"><img loading=\"lazy\" decoding=\"async\" width=\"1920\" height=\"1280\" src=\"https:\/\/urbanhouse360.com\/wp-content\/uploads\/2020\/03\/Jardin-DSC01888.jpg\" class=\"attachment-full size-full wp-image-11936\" alt=\"Urbanhouse-Sauna-Infra-rouge-Mur-brique-sel-Himalaya\" srcset=\"https:\/\/urbanhouse360.com\/wp-content\/uploads\/2020\/03\/Jardin-DSC01888.jpg 1920w, https:\/\/urbanhouse360.com\/wp-content\/uploads\/2020\/03\/Jardin-DSC01888-300x200.jpg 300w, https:\/\/urbanhouse360.com\/wp-content\/uploads\/2020\/03\/Jardin-DSC01888-1024x683.jpg 1024w, https:\/\/urbanhouse360.com\/wp-content\/uploads\/2020\/03\/Jardin-DSC01888-768x512.jpg 768w, https:\/\/urbanhouse360.com\/wp-content\/uploads\/2020\/03\/Jardin-DSC01888-1536x1024.jpg 1536w, https:\/\/urbanhouse360.com\/wp-content\/uploads\/2020\/03\/Jardin-DSC01888-900x600.jpg 900w, https:\/\/urbanhouse360.com\/wp-content\/uploads\/2020\/03\/Jardin-DSC01888-496x331.jpg 496w\" sizes=\"(max-width: 1920px) 100vw, 1920px\" \/><\/div><\/a>\n\t\t\t\t<div class=\"elementor-post__text\">\n\t\t\t\t<h4 class=\"elementor-post__title\">\n\t\t\t<a href=\"https:\/\/urbanhouse360.com\/index.php\/2021\/03\/05\/urbanhouse\/\" >\n\t\t\t\tC&#8217;est quoi Urbanhouse ?\t\t\t<\/a>\n\t\t<\/h4>\n\t\t\t\t<div class=\"elementor-post__excerpt\">\n\t\t\t<p>Urbanhouse Concept d&#8217;habitat et Services orient\u00e9 exp\u00e9rience client en mode &#8220;gant blanc&#8221; En savoir plus L&#8217;\u00e2me et l&#8217;esprit d&#8217;un lieu Une maison de ville, un<\/p>\n\t\t<\/div>\n\t\t\n\t\t<a class=\"elementor-post__read-more\" href=\"https:\/\/urbanhouse360.com\/index.php\/2021\/03\/05\/urbanhouse\/\" aria-label=\"En savoir plus sur C&#8217;est quoi Urbanhouse ?\" tabindex=\"-1\" >\n\t\t\tRead More\t\t<\/a>\n\n\t\t\t\t<\/div>\n\t\t\t\t\t<\/div>\n\t\t<\/article>\n\t\t\t\t<article class=\"elementor-post elementor-grid-item post-12996 post type-post status-publish format-standard has-post-thumbnail hentry category-immobilier\" role=\"listitem\">\n\t\t\t<div class=\"elementor-post__card\">\n\t\t\t\t<a class=\"elementor-post__thumbnail__link\" href=\"https:\/\/urbanhouse360.com\/index.php\/2021\/03\/25\/nouvel-usage-ouverture-sur-lexterieur\/\" tabindex=\"-1\" ><div class=\"elementor-post__thumbnail\"><img loading=\"lazy\" decoding=\"async\" width=\"1686\" height=\"1045\" src=\"https:\/\/urbanhouse360.com\/wp-content\/uploads\/2021\/03\/Urbanhouse360-3D-Villarieis-Veranda-v2-2.jpeg\" class=\"attachment-full size-full wp-image-12990\" alt=\"\" srcset=\"https:\/\/urbanhouse360.com\/wp-content\/uploads\/2021\/03\/Urbanhouse360-3D-Villarieis-Veranda-v2-2.jpeg 1686w, https:\/\/urbanhouse360.com\/wp-content\/uploads\/2021\/03\/Urbanhouse360-3D-Villarieis-Veranda-v2-2-300x186.jpeg 300w, https:\/\/urbanhouse360.com\/wp-content\/uploads\/2021\/03\/Urbanhouse360-3D-Villarieis-Veranda-v2-2-1024x635.jpeg 1024w, https:\/\/urbanhouse360.com\/wp-content\/uploads\/2021\/03\/Urbanhouse360-3D-Villarieis-Veranda-v2-2-768x476.jpeg 768w, https:\/\/urbanhouse360.com\/wp-content\/uploads\/2021\/03\/Urbanhouse360-3D-Villarieis-Veranda-v2-2-1536x952.jpeg 1536w, https:\/\/urbanhouse360.com\/wp-content\/uploads\/2021\/03\/Urbanhouse360-3D-Villarieis-Veranda-v2-2-968x600.jpeg 968w, https:\/\/urbanhouse360.com\/wp-content\/uploads\/2021\/03\/Urbanhouse360-3D-Villarieis-Veranda-v2-2-496x307.jpeg 496w\" sizes=\"(max-width: 1686px) 100vw, 1686px\" \/><\/div><\/a>\n\t\t\t\t<div class=\"elementor-post__text\">\n\t\t\t\t<h4 class=\"elementor-post__title\">\n\t\t\t<a href=\"https:\/\/urbanhouse360.com\/index.php\/2021\/03\/25\/nouvel-usage-ouverture-sur-lexterieur\/\" >\n\t\t\t\tNouvel usage&#8230; ouvrir sur l&#8217;ext\u00e9rieur\t\t\t<\/a>\n\t\t<\/h4>\n\t\t\t\t<div class=\"elementor-post__excerpt\">\n\t\t\t<p>Ouvertures sur l&#8217;ext\u00e9rieur&#8230; \u00c9tude projet extension bois, briques rouges, baies vitr\u00e9es Domaine Villari\u00e8s Extension sur la partie terrasse Objectif : Am\u00e9nager l&#8217;espace terrasse ext\u00e9rieure, pour<\/p>\n\t\t<\/div>\n\t\t\n\t\t<a class=\"elementor-post__read-more\" href=\"https:\/\/urbanhouse360.com\/index.php\/2021\/03\/25\/nouvel-usage-ouverture-sur-lexterieur\/\" aria-label=\"En savoir plus sur Nouvel usage&#8230; ouvrir sur l&#8217;ext\u00e9rieur\" tabindex=\"-1\" >\n\t\t\tRead More\t\t<\/a>\n\n\t\t\t\t<\/div>\n\t\t\t\t\t<\/div>\n\t\t<\/article>\n\t\t\t\t<\/div>\n\t\t\n\t\t\t\t\t\t<\/div>\n\t\t\t\t<\/div>\n\t\t\t\t\t<\/div>\n\t\t<\/div>\n\t\t\t\t\t<\/div>\n\t\t<\/section>\n\t\t\t\t<\/div>\n\t\t","protected":false},"excerpt":{"rendered":"<p>Nos articles de conversations nos lectures, nos inspirations, nos \u00e9changes, nos partages&#8230;<\/p>\n","protected":false},"author":1,"featured_media":0,"parent":0,"menu_order":0,"comment_status":"closed","ping_status":"closed","template":"elementor_header_footer","meta":{"content-type":"","footnotes":""},"class_list":["post-639","page","type-page","status-publish","hentry"],"_links":{"self":[{"href":"https:\/\/urbanhouse360.com\/index.php\/wp-json\/wp\/v2\/pages\/639","targetHints":{"allow":["GET"]}}],"collection":[{"href":"https:\/\/urbanhouse360.com\/index.php\/wp-json\/wp\/v2\/pages"}],"about":[{"href":"https:\/\/urbanhouse360.com\/index.php\/wp-json\/wp\/v2\/types\/page"}],"author":[{"embeddable":true,"href":"https:\/\/urbanhouse360.com\/index.php\/wp-json\/wp\/v2\/users\/1"}],"replies":[{"embeddable":true,"href":"https:\/\/urbanhouse360.com\/index.php\/wp-json\/wp\/v2\/comments?post=639"}],"version-history":[{"count":5,"href":"https:\/\/urbanhouse360.com\/index.php\/wp-json\/wp\/v2\/pages\/639\/revisions"}],"predecessor-version":[{"id":12342,"href":"https:\/\/urbanhouse360.com\/index.php\/wp-json\/wp\/v2\/pages\/639\/revisions\/12342"}],"wp:attachment":[{"href":"https:\/\/urbanhouse360.com\/index.php\/wp-json\/wp\/v2\/media?parent=639"}],"curies":[{"name":"wp","href":"https:\/\/api.w.org\/{rel}","templated":true}]}}